{"id":6448,"date":"2024-03-29T22:23:30","date_gmt":"2024-03-29T22:23:30","guid":{"rendered":"https:\/\/nasradiomm.com\/?page_id=6448"},"modified":"2026-03-21T19:26:37","modified_gmt":"2026-03-21T19:26:37","slug":"impresum","status":"publish","type":"page","link":"https:\/\/nasradiomm.com\/index.php\/impresum\/","title":{"rendered":"Impresum"},"content":{"rendered":"\t\t<div data-elementor-type=\"wp-page\" data-elementor-id=\"6448\" class=\"elementor elementor-6448\">\n\t\t\t\t\t\t<section class=\"elementor-section elementor-top-section elementor-element elementor-element-33aae45 elementor-section-boxed elementor-section-height-default elementor-section-height-default\" data-id=\"33aae45\" data-element_type=\"section\">\n\t\t\t\t\t\t<div class=\"elementor-container elementor-column-gap-default\">\n\t\t\t\t\t<div class=\"elementor-column elementor-col-100 elementor-top-column elementor-element elementor-element-baa7de9\" data-id=\"baa7de9\" data-element_type=\"column\">\n\t\t\t<div class=\"elementor-widget-wrap elementor-element-populated\">\n\t\t\t\t\t\t<div class=\"elementor-element elementor-element-8d73ab2 elementor-widget elementor-widget-text-editor\" data-id=\"8d73ab2\" data-element_type=\"widget\" data-widget_type=\"text-editor.default\">\n\t\t\t\t<div class=\"elementor-widget-container\">\n\t\t\t\t\t\t\t\t\t<p style=\"font-weight: 400;\"><strong>Izdava\u010d:<\/strong> IMPRES doo<\/p><p style=\"font-weight: 400;\"><strong>Naziv medija:<\/strong> Radio Na\u0161 mm 97,8 MHz<\/p><p style=\"font-weight: 400;\"><strong>Podru\u010dje emitovanja:<\/strong> Lokalna Ba\u010dka Topola<\/p><p style=\"font-weight: 400;\"><strong>Adresa studija:<\/strong> Ba\u010dka Topola, Vidovdanska 3, Republika Srbija<\/p><p style=\"font-weight: 400;\"><strong>Telefon:<\/strong> 063537575<\/p><p style=\"font-weight: 400;\"><strong>Glavni i odgovorni urednik:<\/strong> Milo\u0161 Lon\u010dar<\/p><p style=\"font-weight: 400;\">Web site: <a href=\"http:\/\/nasradiomm.com\/\" data-saferedirecturl=\"https:\/\/www.google.com\/url?q=http:\/\/nasradiomm.com&amp;source=gmail&amp;ust=1711835188825000&amp;usg=AOvVaw3uLu1dnJHEw20yIF44UBV1\">nasradiomm.com<\/a><\/p><p style=\"font-weight: 400;\">E mail:\u00a0<a href=\"mailto:milos.loncar@yahoo.com\">milos.loncar@yahoo.com<\/a><\/p><p style=\"font-weight: 400;\">Registracioni broj medija: RA000195<\/p><p style=\"font-weight: 400;\">Izvr\u0161avanje obaveza koje Centar za trening i edukaciju ima po odredbama Zakona o elektronskim medijima i Zakona o javnom informisanju i medijima i Podzakonskim aktima donetim u skladu sa Zakonom o elektronskim medijima, kontroli\u0161e Regulatorno telo za elektronske medije.<\/p>\t\t\t\t\t\t\t\t<\/div>\n\t\t\t\t<\/div>\n\t\t\t\t\t<\/div>\n\t\t<\/div>\n\t\t\t\t\t<\/div>\n\t\t<\/section>\n\t\t\t\t<\/div>\n\t\t","protected":false},"excerpt":{"rendered":"<p>Izdava\u010d: IMPRES doo Naziv medija: Radio Na\u0161 mm 97,8 MHz Podru\u010dje emitovanja: Lokalna Ba\u010dka Topola Adresa studija: Ba\u010dka Topola, Vidovdanska 3, Republika Srbija Telefon: 063537575 Glavni i odgovorni urednik: Milo\u0161 Lon\u010dar Web site: nasradiomm.com E mail:\u00a0milos.loncar@yahoo.com Registracioni broj medija: RA000195 Izvr\u0161avanje obaveza koje Centar za trening i edukaciju ima po ...<\/p>\n","protected":false},"author":1,"featured_media":0,"parent":0,"menu_order":0,"comment_status":"closed","ping_status":"closed","template":"","meta":{"footnotes":""},"class_list":["post-6448","page","type-page","status-publish","hentry"],"yoast_head":"<!-- This site is optimized with the Yoast SEO plugin v26.7 - https:\/\/yoast.com\/wordpress\/plugins\/seo\/ -->\n<title>Impresum - Na\u0161 radio MM 97.8<\/title>\n<meta name=\"robots\" content=\"index, follow, max-snippet:-1, max-image-preview:large, max-video-preview:-1\" \/>\n<link rel=\"canonical\" href=\"https:\/\/nasradiomm.com\/index.php\/impresum\/\" \/>\n<meta property=\"og:locale\" content=\"en_US\" \/>\n<meta property=\"og:type\" content=\"article\" \/>\n<meta property=\"og:title\" content=\"Impresum - Na\u0161 radio MM 97.8\" \/>\n<meta property=\"og:description\" content=\"Izdava\u010d: IMPRES doo Naziv medija: Radio Na\u0161 mm 97,8 MHz Podru\u010dje emitovanja: Lokalna Ba\u010dka Topola Adresa studija: Ba\u010dka Topola, Vidovdanska 3, Republika Srbija Telefon: 063537575 Glavni i odgovorni urednik: Milo\u0161 Lon\u010dar Web site: nasradiomm.com E mail:\u00a0milos.loncar@yahoo.com Registracioni broj medija: RA000195 Izvr\u0161avanje obaveza koje Centar za trening i edukaciju ima po [...]\" \/>\n<meta property=\"og:url\" content=\"https:\/\/nasradiomm.com\/index.php\/impresum\/\" \/>\n<meta property=\"og:site_name\" content=\"Na\u0161 radio MM 97.8\" \/>\n<meta property=\"article:modified_time\" content=\"2026-03-21T19:26:37+00:00\" \/>\n<meta property=\"og:image\" content=\"https:\/\/nasradiomm.com\/wp-content\/uploads\/2023\/12\/NAS-RADIO-PLAY.png\" \/>\n\t<meta property=\"og:image:width\" content=\"1080\" \/>\n\t<meta property=\"og:image:height\" content=\"1080\" \/>\n\t<meta property=\"og:image:type\" content=\"image\/png\" \/>\n<meta name=\"twitter:card\" content=\"summary_large_image\" \/>\n<meta name=\"twitter:label1\" content=\"Est. reading time\" \/>\n\t<meta name=\"twitter:data1\" content=\"1 minute\" \/>\n<script type=\"application\/ld+json\" class=\"yoast-schema-graph\">{\"@context\":\"https:\/\/schema.org\",\"@graph\":[{\"@type\":\"WebPage\",\"@id\":\"https:\/\/nasradiomm.com\/index.php\/impresum\/\",\"url\":\"https:\/\/nasradiomm.com\/index.php\/impresum\/\",\"name\":\"Impresum - Na\u0161 radio MM 97.8\",\"isPartOf\":{\"@id\":\"https:\/\/nasradiomm.com\/#website\"},\"datePublished\":\"2024-03-29T22:23:30+00:00\",\"dateModified\":\"2026-03-21T19:26:37+00:00\",\"breadcrumb\":{\"@id\":\"https:\/\/nasradiomm.com\/index.php\/impresum\/#breadcrumb\"},\"inLanguage\":\"en-US\",\"potentialAction\":[{\"@type\":\"ReadAction\",\"target\":[\"https:\/\/nasradiomm.com\/index.php\/impresum\/\"]}]},{\"@type\":\"BreadcrumbList\",\"@id\":\"https:\/\/nasradiomm.com\/index.php\/impresum\/#breadcrumb\",\"itemListElement\":[{\"@type\":\"ListItem\",\"position\":1,\"name\":\"Home\",\"item\":\"https:\/\/nasradiomm.com\/\"},{\"@type\":\"ListItem\",\"position\":2,\"name\":\"Impresum\"}]},{\"@type\":\"WebSite\",\"@id\":\"https:\/\/nasradiomm.com\/#website\",\"url\":\"https:\/\/nasradiomm.com\/\",\"name\":\"Na\u0161 radio MM 97.8\",\"description\":\"Na\u0161 radio MM 97.8\",\"publisher\":{\"@id\":\"https:\/\/nasradiomm.com\/#organization\"},\"potentialAction\":[{\"@type\":\"SearchAction\",\"target\":{\"@type\":\"EntryPoint\",\"urlTemplate\":\"https:\/\/nasradiomm.com\/?s={search_term_string}\"},\"query-input\":{\"@type\":\"PropertyValueSpecification\",\"valueRequired\":true,\"valueName\":\"search_term_string\"}}],\"inLanguage\":\"en-US\"},{\"@type\":\"Organization\",\"@id\":\"https:\/\/nasradiomm.com\/#organization\",\"name\":\"Na\u0161 radio MM 97.8\",\"url\":\"https:\/\/nasradiomm.com\/\",\"logo\":{\"@type\":\"ImageObject\",\"inLanguage\":\"en-US\",\"@id\":\"https:\/\/nasradiomm.com\/#\/schema\/logo\/image\/\",\"url\":\"https:\/\/nasradiomm.com\/wp-content\/uploads\/2023\/12\/cropped-logo-nas-radio-MM-png.png\",\"contentUrl\":\"https:\/\/nasradiomm.com\/wp-content\/uploads\/2023\/12\/cropped-logo-nas-radio-MM-png.png\",\"width\":512,\"height\":512,\"caption\":\"Na\u0161 radio MM 97.8\"},\"image\":{\"@id\":\"https:\/\/nasradiomm.com\/#\/schema\/logo\/image\/\"}}]}<\/script>\n<!-- \/ Yoast SEO plugin. -->","yoast_head_json":{"title":"Impresum - Na\u0161 radio MM 97.8","robots":{"index":"index","follow":"follow","max-snippet":"max-snippet:-1","max-image-preview":"max-image-preview:large","max-video-preview":"max-video-preview:-1"},"canonical":"https:\/\/nasradiomm.com\/index.php\/impresum\/","og_locale":"en_US","og_type":"article","og_title":"Impresum - Na\u0161 radio MM 97.8","og_description":"Izdava\u010d: IMPRES doo Naziv medija: Radio Na\u0161 mm 97,8 MHz Podru\u010dje emitovanja: Lokalna Ba\u010dka Topola Adresa studija: Ba\u010dka Topola, Vidovdanska 3, Republika Srbija Telefon: 063537575 Glavni i odgovorni urednik: Milo\u0161 Lon\u010dar Web site: nasradiomm.com E mail:\u00a0milos.loncar@yahoo.com Registracioni broj medija: RA000195 Izvr\u0161avanje obaveza koje Centar za trening i edukaciju ima po [...]","og_url":"https:\/\/nasradiomm.com\/index.php\/impresum\/","og_site_name":"Na\u0161 radio MM 97.8","article_modified_time":"2026-03-21T19:26:37+00:00","og_image":[{"width":1080,"height":1080,"url":"https:\/\/nasradiomm.com\/wp-content\/uploads\/2023\/12\/NAS-RADIO-PLAY.png","type":"image\/png"}],"twitter_card":"summary_large_image","twitter_misc":{"Est. reading time":"1 minute"},"schema":{"@context":"https:\/\/schema.org","@graph":[{"@type":"WebPage","@id":"https:\/\/nasradiomm.com\/index.php\/impresum\/","url":"https:\/\/nasradiomm.com\/index.php\/impresum\/","name":"Impresum - Na\u0161 radio MM 97.8","isPartOf":{"@id":"https:\/\/nasradiomm.com\/#website"},"datePublished":"2024-03-29T22:23:30+00:00","dateModified":"2026-03-21T19:26:37+00:00","breadcrumb":{"@id":"https:\/\/nasradiomm.com\/index.php\/impresum\/#breadcrumb"},"inLanguage":"en-US","potentialAction":[{"@type":"ReadAction","target":["https:\/\/nasradiomm.com\/index.php\/impresum\/"]}]},{"@type":"BreadcrumbList","@id":"https:\/\/nasradiomm.com\/index.php\/impresum\/#breadcrumb","itemListElement":[{"@type":"ListItem","position":1,"name":"Home","item":"https:\/\/nasradiomm.com\/"},{"@type":"ListItem","position":2,"name":"Impresum"}]},{"@type":"WebSite","@id":"https:\/\/nasradiomm.com\/#website","url":"https:\/\/nasradiomm.com\/","name":"Na\u0161 radio MM 97.8","description":"Na\u0161 radio MM 97.8","publisher":{"@id":"https:\/\/nasradiomm.com\/#organization"},"potentialAction":[{"@type":"SearchAction","target":{"@type":"EntryPoint","urlTemplate":"https:\/\/nasradiomm.com\/?s={search_term_string}"},"query-input":{"@type":"PropertyValueSpecification","valueRequired":true,"valueName":"search_term_string"}}],"inLanguage":"en-US"},{"@type":"Organization","@id":"https:\/\/nasradiomm.com\/#organization","name":"Na\u0161 radio MM 97.8","url":"https:\/\/nasradiomm.com\/","logo":{"@type":"ImageObject","inLanguage":"en-US","@id":"https:\/\/nasradiomm.com\/#\/schema\/logo\/image\/","url":"https:\/\/nasradiomm.com\/wp-content\/uploads\/2023\/12\/cropped-logo-nas-radio-MM-png.png","contentUrl":"https:\/\/nasradiomm.com\/wp-content\/uploads\/2023\/12\/cropped-logo-nas-radio-MM-png.png","width":512,"height":512,"caption":"Na\u0161 radio MM 97.8"},"image":{"@id":"https:\/\/nasradiomm.com\/#\/schema\/logo\/image\/"}}]}},"_links":{"self":[{"href":"https:\/\/nasradiomm.com\/index.php\/wp-json\/wp\/v2\/pages\/6448","targetHints":{"allow":["GET"]}}],"collection":[{"href":"https:\/\/nasradiomm.com\/index.php\/wp-json\/wp\/v2\/pages"}],"about":[{"href":"https:\/\/nasradiomm.com\/index.php\/wp-json\/wp\/v2\/types\/page"}],"author":[{"embeddable":true,"href":"https:\/\/nasradiomm.com\/index.php\/wp-json\/wp\/v2\/users\/1"}],"replies":[{"embeddable":true,"href":"https:\/\/nasradiomm.com\/index.php\/wp-json\/wp\/v2\/comments?post=6448"}],"version-history":[{"count":10,"href":"https:\/\/nasradiomm.com\/index.php\/wp-json\/wp\/v2\/pages\/6448\/revisions"}],"predecessor-version":[{"id":6565,"href":"https:\/\/nasradiomm.com\/index.php\/wp-json\/wp\/v2\/pages\/6448\/revisions\/6565"}],"wp:attachment":[{"href":"https:\/\/nasradiomm.com\/index.php\/wp-json\/wp\/v2\/media?parent=6448"}],"curies":[{"name":"wp","href":"https:\/\/api.w.org\/{rel}","templated":true}]}}